{"id":3506,"date":"2024-06-18T11:30:19","date_gmt":"2024-06-18T09:30:19","guid":{"rendered":"https:\/\/institutjjs.hr\/politika-zastite-privatnosti\/"},"modified":"2025-04-07T13:36:45","modified_gmt":"2025-04-07T11:36:45","slug":"privacy-policy","status":"publish","type":"page","link":"https:\/\/institutjjs.hr\/en\/privacy-policy\/","title":{"rendered":"Privacy Policy"},"content":{"rendered":"\r\n<h2 class=\"wp-block-heading\">Tko smo mi<\/h2>\r\n\r\n\r\n\r\n<p><strong class=\"privacy-policy-tutorial\">Predlo\u017eeni tekst: <\/strong>Adresa na\u0161e web-stranice je: https:\/\/institutjjs.hr.<\/p>\r\n\r\n\r\n\r\n<h2 class=\"wp-block-heading\">Komentari<\/h2>\r\n\r\n\r\n\r\n<p><strong class=\"privacy-policy-tutorial\">Predlo\u017eeni tekst: <\/strong>Kada posjetitelji napi\u0161u komentar na web-stranici mi prikupljamo podatke prikazane u formi komentara, i tako\u0111er IP adresu posjetitelja kao i string korisni\u010dkog agenta preglednika kako lak\u0161e detektirali spam.<\/p>\r\n\r\n\r\n\r\n<p>Mogu\u0107e je da je anonimiziran string kreiran iz va\u0161e adrese e-po\u0161te (koji se tako\u0111er zove hash) dostavljen Gravatar servisu kako bismo provjerili koristite li ga. Pravila privatnosti Gravatar servisa dostupna su ovdje: https:\/\/automattic.com\/privacy\/. Nakon odobrenja va\u0161eg komentara, va\u0161a profilna slika je javno vidljiva u kontekstu va\u0161eg komentara.<\/p>\r\n\r\n\r\n\r\n<h2 class=\"wp-block-heading\">Medij<\/h2>\r\n\r\n\r\n\r\n<p><strong class=\"privacy-policy-tutorial\">Predlo\u017eeni tekst: <\/strong>Ako prenesete sliku na web-stranicu, trebali biste izbjegavati prijenos slika koje imaju ugra\u0111ene podatke o lokaciji (EXIF GPS). Posjetitelji web-stranice mogu ih preuzeti i izdvojiti bilo koje podatke o lokaciji iz slika s web-stranice.<\/p>\r\n\r\n\r\n\r\n<h2 class=\"wp-block-heading\">Kola\u010di\u0107i<\/h2>\r\n\r\n\r\n\r\n<p><strong class=\"privacy-policy-tutorial\">Predlo\u017eeni tekst: <\/strong>Ako napi\u0161ete komentar na na\u0161oj web-stranici, mo\u017eete odabrati spremanje imena, adrese e-po\u0161te i web-stranice u kola\u010di\u0107e. To vam olak\u0161ava ponovno komentiranje, da ne morate ponovno unositi te informacije. Ovi kola\u010di\u0107i traju godinu dana.<\/p>\r\n\r\n\r\n\r\n<p>Ako posjetite na\u0161u stranicu za prijavu, postavit \u0107emo privremeni kola\u010di\u0107 kako bismo utvrdili prihva\u0107a li va\u0161 preglednik kola\u010di\u0107e. Ovaj kola\u010di\u0107 ne sadr\u017ei osobne podatke i bri\u0161e se kada ugasite preglednik.<\/p>\r\n\r\n\r\n\r\n<p>Kada se prijavite, postavit \u0107emo nekoliko kola\u010di\u0107a kako bismo sa\u010duvali va\u0161e podatke o prijavi i va\u0161e postavke zaslona. Kola\u010di\u0107i prijave traju dva dana, a kola\u010di\u0107i postavki zaslona traju godinu dana. Ako odaberete &#8220;Zapamti me&#8221;, va\u0161a prijava \u0107e trajati dva tjedna. Ako se odjavite s ra\u010duna, kola\u010di\u0107i prijave bit \u0107e uklonjeni.<\/p>\r\n\r\n\r\n\r\n<p>Ako uredite ili objavite \u010dlanak, dodatni kola\u010di\u0107 \u0107e biti spremljen u va\u0161em pregledniku. Ovaj kola\u010di\u0107 ne sadr\u017ei osobne podatke i samo ukazuje na ID objave \u010dlanka koji ste upravo uredili. Kola\u010di\u0107 istje\u010de nakon jednog dana.<\/p>\r\n\r\n\r\n\r\n<h2 class=\"wp-block-heading\">Ugra\u0111eni sadr\u017eaj s drugih web-stranica<\/h2>\r\n\r\n\r\n\r\n<p><strong class=\"privacy-policy-tutorial\">Predlo\u017eeni tekst: <\/strong>\u010clanci na ovoj web-stranici mogu sadr\u017eavati ugra\u0111eni sadr\u017eaj (npr. video, slike, \u010dlanke, itd.). Ugra\u0111eni sadr\u017eaj sa drugih web-stranica pona\u0161a se istovjetno kao da je posjetitelj posjetio tu drugu web-stranicu.<\/p>\r\n\r\n\r\n\r\n<p>Ove web-stranice mo\u017eda prikupljaju podatke o vama, koriste kola\u010di\u0107e, imaju ugra\u0111eno dodatno pra\u0107enje od tre\u0107ih strana, i nadgledaju va\u0161u interakciju s tim ugra\u0111enim sadr\u017eajem, uklju\u010duju\u0107i pra\u0107enje va\u0161e interakcije s ugra\u0111enim sadr\u017eajem ako imate ra\u010dun i prijavljeni ste na web-stranici.<\/p>\r\n\r\n\r\n\r\n<h2 class=\"wp-block-heading\">S kime dijelimo va\u0161e podatke<\/h2>\r\n\r\n\r\n\r\n<p><strong class=\"privacy-policy-tutorial\">Predlo\u017eeni tekst: <\/strong>Ako zatra\u017eite ponovno postavljanje lozinke, va\u0161a IP adresa bit \u0107e uklju\u010dena u poruku e-po\u0161te za ponovno postavljanje.<\/p>\r\n\r\n\r\n\r\n<h2 class=\"wp-block-heading\">Koliko dugo \u010duvamo va\u0161e podatke<\/h2>\r\n\r\n\r\n\r\n<p><strong class=\"privacy-policy-tutorial\">Predlo\u017eeni tekst: <\/strong>Ako napi\u0161ete komentar, komentar i njegovi meta podaci su sa\u010duvani zauvijek. To je zato da mo\u017eemo automatski prepoznati i odobriti budu\u0107e komentare, umjesto da ih dr\u017eimo na \u010dekanju za odobrenje.<\/p>\r\n\r\n\r\n\r\n<p>Za korisnike koji se registriraju na na\u0161oj web-stranici (ako ih ima), mi tako\u0111er pohranjujemo osobne podatke koje navedu u njihovim korisni\u010dkim profilima, Svi korisnici mogu vidjeti, urediti, ili obrisati svoje osobne podatke u bilo koje vrijeme ( osim \u0161to ne mogu promijeniti svoje korisni\u010dko ime). Administratori web-stranice tako\u0111er mogu vidjeti i urediti te informacije.<\/p>\r\n\r\n\r\n\r\n<h2 class=\"wp-block-heading\">Koja prava imate nad svojim podacima<\/h2>\r\n\r\n\r\n\r\n<p><strong class=\"privacy-policy-tutorial\">Predlo\u017eeni tekst: <\/strong>Ako imate ra\u010dun na ovoj web-stranici, ili ste pisali komentare, mo\u017eete zatra\u017eiti primanje izvozne datoteke osobnih podataka koje imamo o vama, uklju\u010duju\u0107i sve podatke koje ste nam dostavili. Tako\u0111er mo\u017eete zatra\u017eiti brisanje svih osobnih podataka koje imamo o vama. Ovo ne uklju\u010duje bilo koje podatke koje smo obavezni dr\u017eati za administrativne, pravne ili sigurnosne namjene.<\/p>\r\n\r\n\r\n\r\n<h2 class=\"wp-block-heading\">Kamo se \u0161alju va\u0161i podaci<\/h2>\r\n\r\n\r\n\r\n<p><strong class=\"privacy-policy-tutorial\">Predlo\u017eeni tekst: <\/strong>Komentari posjetitelja mogu se provjeriti putem automatske usluge za otkrivanje ne\u017eeljene po\u0161te.<\/p>\r\n","protected":false},"excerpt":{"rendered":"<p>Tko smo mi Predlo\u017eeni tekst: Adresa na\u0161e web-stranice je: https:\/\/institutjjs.hr. Komentari Predlo\u017eeni tekst: Kada posjetitelji napi\u0161u komentar na web-stranici mi prikupljamo podatke prikazane u formi komentara, i tako\u0111er IP adresu posjetitelja kao i string korisni\u010dkog agenta preglednika kako &hellip;<\/p>\n","protected":false},"author":4,"featured_media":0,"parent":0,"menu_order":0,"comment_status":"closed","ping_status":"open","template":"","meta":{"_acf_changed":false,"inline_featured_image":false,"footnotes":""},"class_list":["post-3506","page","type-page","status-publish","hentry"],"acf":[],"yoast_head":"<!-- This site is optimized with the Yoast SEO plugin v27.2 - https:\/\/yoast.com\/product\/yoast-seo-wordpress\/ -->\n<title>Privacy Policy - Institut Za Vode<\/title>\n<meta name=\"robots\" content=\"index, follow, max-snippet:-1, max-image-preview:large, max-video-preview:-1\" \/>\n<link rel=\"canonical\" href=\"https:\/\/institutjjs.hr\/en\/privacy-policy\/\" \/>\n<meta property=\"og:locale\" content=\"en_US\" \/>\n<meta property=\"og:type\" content=\"article\" \/>\n<meta property=\"og:title\" content=\"Privacy Policy - Institut Za Vode\" \/>\n<meta property=\"og:description\" content=\"Tko smo mi Predlo\u017eeni tekst: Adresa na\u0161e web-stranice je: https:\/\/institutjjs.hr. Komentari Predlo\u017eeni tekst: Kada posjetitelji napi\u0161u komentar na web-stranici mi prikupljamo podatke prikazane u formi komentara, i tako\u0111er IP adresu posjetitelja kao i string korisni\u010dkog agenta preglednika kako &hellip;\" \/>\n<meta property=\"og:url\" content=\"https:\/\/institutjjs.hr\/en\/privacy-policy\/\" \/>\n<meta property=\"og:site_name\" content=\"Institut Za Vode\" \/>\n<meta property=\"article:modified_time\" content=\"2025-04-07T11:36:45+00:00\" \/>\n<meta name=\"twitter:card\" content=\"summary_large_image\" \/>\n<meta name=\"twitter:label1\" content=\"Est. reading time\" \/>\n\t<meta name=\"twitter:data1\" content=\"10 minutes\" \/>\n<script type=\"application\/ld+json\" class=\"yoast-schema-graph\">{\"@context\":\"https:\/\/schema.org\",\"@graph\":[{\"@type\":\"WebPage\",\"@id\":\"https:\/\/institutjjs.hr\/en\/privacy-policy\/\",\"url\":\"https:\/\/institutjjs.hr\/en\/privacy-policy\/\",\"name\":\"Privacy Policy - Institut Za Vode\",\"isPartOf\":{\"@id\":\"https:\/\/institutjjs.hr\/en\/#website\"},\"datePublished\":\"2024-06-18T09:30:19+00:00\",\"dateModified\":\"2025-04-07T11:36:45+00:00\",\"breadcrumb\":{\"@id\":\"https:\/\/institutjjs.hr\/en\/privacy-policy\/#breadcrumb\"},\"inLanguage\":\"en-US\",\"potentialAction\":[{\"@type\":\"ReadAction\",\"target\":[\"https:\/\/institutjjs.hr\/en\/privacy-policy\/\"]}]},{\"@type\":\"BreadcrumbList\",\"@id\":\"https:\/\/institutjjs.hr\/en\/privacy-policy\/#breadcrumb\",\"itemListElement\":[{\"@type\":\"ListItem\",\"position\":1,\"name\":\"Po\u010detna stranica\",\"item\":\"https:\/\/institutjjs.hr\/en\/\"},{\"@type\":\"ListItem\",\"position\":2,\"name\":\"Privacy Policy\"}]},{\"@type\":\"WebSite\",\"@id\":\"https:\/\/institutjjs.hr\/en\/#website\",\"url\":\"https:\/\/institutjjs.hr\/en\/\",\"name\":\"Institut Za Vode\",\"description\":\"Institut stru\u010dnosti i inovacija\",\"potentialAction\":[{\"@type\":\"SearchAction\",\"target\":{\"@type\":\"EntryPoint\",\"urlTemplate\":\"https:\/\/institutjjs.hr\/en\/?s={search_term_string}\"},\"query-input\":{\"@type\":\"PropertyValueSpecification\",\"valueRequired\":true,\"valueName\":\"search_term_string\"}}],\"inLanguage\":\"en-US\"}]}<\/script>\n<!-- \/ Yoast SEO plugin. -->","yoast_head_json":{"title":"Privacy Policy - Institut Za Vode","robots":{"index":"index","follow":"follow","max-snippet":"max-snippet:-1","max-image-preview":"max-image-preview:large","max-video-preview":"max-video-preview:-1"},"canonical":"https:\/\/institutjjs.hr\/en\/privacy-policy\/","og_locale":"en_US","og_type":"article","og_title":"Privacy Policy - Institut Za Vode","og_description":"Tko smo mi Predlo\u017eeni tekst: Adresa na\u0161e web-stranice je: https:\/\/institutjjs.hr. Komentari Predlo\u017eeni tekst: Kada posjetitelji napi\u0161u komentar na web-stranici mi prikupljamo podatke prikazane u formi komentara, i tako\u0111er IP adresu posjetitelja kao i string korisni\u010dkog agenta preglednika kako &hellip;","og_url":"https:\/\/institutjjs.hr\/en\/privacy-policy\/","og_site_name":"Institut Za Vode","article_modified_time":"2025-04-07T11:36:45+00:00","twitter_card":"summary_large_image","twitter_misc":{"Est. reading time":"10 minutes"},"schema":{"@context":"https:\/\/schema.org","@graph":[{"@type":"WebPage","@id":"https:\/\/institutjjs.hr\/en\/privacy-policy\/","url":"https:\/\/institutjjs.hr\/en\/privacy-policy\/","name":"Privacy Policy - Institut Za Vode","isPartOf":{"@id":"https:\/\/institutjjs.hr\/en\/#website"},"datePublished":"2024-06-18T09:30:19+00:00","dateModified":"2025-04-07T11:36:45+00:00","breadcrumb":{"@id":"https:\/\/institutjjs.hr\/en\/privacy-policy\/#breadcrumb"},"inLanguage":"en-US","potentialAction":[{"@type":"ReadAction","target":["https:\/\/institutjjs.hr\/en\/privacy-policy\/"]}]},{"@type":"BreadcrumbList","@id":"https:\/\/institutjjs.hr\/en\/privacy-policy\/#breadcrumb","itemListElement":[{"@type":"ListItem","position":1,"name":"Po\u010detna stranica","item":"https:\/\/institutjjs.hr\/en\/"},{"@type":"ListItem","position":2,"name":"Privacy Policy"}]},{"@type":"WebSite","@id":"https:\/\/institutjjs.hr\/en\/#website","url":"https:\/\/institutjjs.hr\/en\/","name":"Institut Za Vode","description":"Institut stru\u010dnosti i inovacija","potentialAction":[{"@type":"SearchAction","target":{"@type":"EntryPoint","urlTemplate":"https:\/\/institutjjs.hr\/en\/?s={search_term_string}"},"query-input":{"@type":"PropertyValueSpecification","valueRequired":true,"valueName":"search_term_string"}}],"inLanguage":"en-US"}]}},"_links":{"self":[{"href":"https:\/\/institutjjs.hr\/en\/wp-json\/wp\/v2\/pages\/3506","targetHints":{"allow":["GET"]}}],"collection":[{"href":"https:\/\/institutjjs.hr\/en\/wp-json\/wp\/v2\/pages"}],"about":[{"href":"https:\/\/institutjjs.hr\/en\/wp-json\/wp\/v2\/types\/page"}],"author":[{"embeddable":true,"href":"https:\/\/institutjjs.hr\/en\/wp-json\/wp\/v2\/users\/4"}],"replies":[{"embeddable":true,"href":"https:\/\/institutjjs.hr\/en\/wp-json\/wp\/v2\/comments?post=3506"}],"version-history":[{"count":1,"href":"https:\/\/institutjjs.hr\/en\/wp-json\/wp\/v2\/pages\/3506\/revisions"}],"predecessor-version":[{"id":3507,"href":"https:\/\/institutjjs.hr\/en\/wp-json\/wp\/v2\/pages\/3506\/revisions\/3507"}],"wp:attachment":[{"href":"https:\/\/institutjjs.hr\/en\/wp-json\/wp\/v2\/media?parent=3506"}],"curies":[{"name":"wp","href":"https:\/\/api.w.org\/{rel}","templated":true}]}}